{"id":2584,"date":"2026-03-27T01:48:06","date_gmt":"2026-03-27T01:48:06","guid":{"rendered":"https:\/\/awakevoyages.com\/?page_id=2584"},"modified":"2026-03-31T01:55:19","modified_gmt":"2026-03-31T01:55:19","slug":"contacto","status":"publish","type":"page","link":"https:\/\/awakevoyages.com\/pt\/contacto\/","title":{"rendered":"Contacto"},"content":{"rendered":"\t\t<div data-elementor-type=\"wp-page\" data-elementor-id=\"2584\" class=\"elementor elementor-2584\" data-elementor-post-type=\"page\">\n\t\t\t\t<div class=\"elementor-element elementor-element-3f673d1 e-flex e-con-boxed e-con e-parent\" data-id=\"3f673d1\" data-element_type=\"container\" data-e-type=\"container\" data-settings=\"{&quot;background_background&quot;:&quot;classic&quot;}\">\n\t\t\t\t\t<div class=\"e-con-inner\">\n\t\t\t\t<div class=\"elementor-element elementor-element-0b5c229 elementor-widget elementor-widget-heading\" data-id=\"0b5c229\" data-element_type=\"widget\" data-e-type=\"widget\" data-widget_type=\"heading.default\">\n\t\t\t\t<div class=\"elementor-widget-container\">\n\t\t\t\t\t<h2 class=\"elementor-heading-title elementor-size-default\">Estamos del otro lado.<\/h2>\t\t\t\t<\/div>\n\t\t\t\t<\/div>\n\t\t\t\t<div class=\"elementor-element elementor-element-27ac2f3 elementor-widget elementor-widget-text-editor\" data-id=\"27ac2f3\" data-element_type=\"widget\" data-e-type=\"widget\" data-widget_type=\"text-editor.default\">\n\t\t\t\t<div class=\"elementor-widget-container\">\n\t\t\t\t\t\t\t\t\t<div><div class=\"standard-markdown grid-cols-1 grid [&amp;_&gt;_*]:min-w-0 gap-3\"><p class=\"font-claude-response-body break-words whitespace-normal leading-[1.7]\">Si algo de lo que encontraron en este sitio resuena \u2014 escribanos. No importa en qu\u00e9 etapa est\u00e1n ni qu\u00e9 tan clara tienen la idea. Una conversaci\u00f3n es suficiente para empezar.<\/p><\/div><\/div>\t\t\t\t\t\t\t\t<\/div>\n\t\t\t\t<\/div>\n\t\t\t\t<div class=\"elementor-element elementor-element-97a6d1d elementor-widget elementor-widget-text-editor\" data-id=\"97a6d1d\" data-element_type=\"widget\" data-e-type=\"widget\" data-widget_type=\"text-editor.default\">\n\t\t\t\t<div class=\"elementor-widget-container\">\n\t\t\t\t\t\t\t\t\t<div class=\"standard-markdown grid-cols-1 grid [&amp;_&gt;_*]:min-w-0 gap-3\"><p class=\"font-claude-response-body break-words whitespace-normal leading-[1.7]\"><strong><em>Respondemos todas las consultas. Sin excepci\u00f3n.<\/em><\/strong><\/p><\/div>\t\t\t\t\t\t\t\t<\/div>\n\t\t\t\t<\/div>\n\t\t\t\t<div class=\"elementor-element elementor-element-aa7b82e elementor-button-info elementor-align-center elementor-widget elementor-widget-button\" data-id=\"aa7b82e\" data-element_type=\"widget\" data-e-type=\"widget\" data-widget_type=\"button.default\">\n\t\t\t\t<div class=\"elementor-widget-container\">\n\t\t\t\t\t\t\t\t\t<div class=\"elementor-button-wrapper\">\n\t\t\t\t\t<a class=\"elementor-button elementor-button-link elementor-size-sm\" href=\"https:\/\/forms.gle\/11MuWeLbzCpvJryG9\" target=\"_blank\">\n\t\t\t\t\t\t<span class=\"elementor-button-content-wrapper\">\n\t\t\t\t\t\t\t\t\t<span class=\"elementor-button-text\">Escr\u00edbenos un mensaje \u2192 <\/span>\n\t\t\t\t\t<\/span>\n\t\t\t\t\t<\/a>\n\t\t\t\t<\/div>\n\t\t\t\t\t\t\t\t<\/div>\n\t\t\t\t<\/div>\n\t\t\t\t\t<\/div>\n\t\t\t\t<\/div>\n\t\t\t\t<\/div>\n\t\t","protected":false},"excerpt":{"rendered":"<p>Estamos del otro lado. Si algo de lo que encontraron en este sitio resuena \u2014 escribanos. No importa en qu\u00e9 etapa est\u00e1n ni qu\u00e9 tan clara tienen la idea. Una conversaci\u00f3n es suficiente para empezar. Respondemos todas las consultas. Sin excepci\u00f3n. Escr\u00edbenos un mensaje \u2192<\/p>","protected":false},"author":1,"featured_media":0,"parent":0,"menu_order":0,"comment_status":"closed","ping_status":"closed","template":"","meta":{"_uag_custom_page_level_css":"","footnotes":""},"class_list":["post-2584","page","type-page","status-publish","hentry"],"aioseo_notices":[],"_hostinger_reach_plugin_has_subscription_block":false,"_hostinger_reach_plugin_is_elementor":false,"uagb_featured_image_src":{"full":false,"thumbnail":false,"medium":false,"medium_large":false,"large":false,"1536x1536":false,"2048x2048":false,"trp-custom-language-flag":false},"uagb_author_info":{"display_name":"awakevoyages@gmail.com","author_link":"https:\/\/awakevoyages.com\/pt\/author\/awakevoyagesgmail-com\/"},"uagb_comment_info":0,"uagb_excerpt":"Estamos del otro lado. Si algo de lo que encontraron en este sitio resuena \u2014 escribanos. No importa en qu\u00e9 etapa est\u00e1n ni qu\u00e9 tan clara tienen la idea. Una conversaci\u00f3n es suficiente para empezar. Respondemos todas las consultas. Sin excepci\u00f3n. Escr\u00edbenos un mensaje \u2192","_links":{"self":[{"href":"https:\/\/awakevoyages.com\/pt\/wp-json\/wp\/v2\/pages\/2584","targetHints":{"allow":["GET"]}}],"collection":[{"href":"https:\/\/awakevoyages.com\/pt\/wp-json\/wp\/v2\/pages"}],"about":[{"href":"https:\/\/awakevoyages.com\/pt\/wp-json\/wp\/v2\/types\/page"}],"author":[{"embeddable":true,"href":"https:\/\/awakevoyages.com\/pt\/wp-json\/wp\/v2\/users\/1"}],"replies":[{"embeddable":true,"href":"https:\/\/awakevoyages.com\/pt\/wp-json\/wp\/v2\/comments?post=2584"}],"version-history":[{"count":7,"href":"https:\/\/awakevoyages.com\/pt\/wp-json\/wp\/v2\/pages\/2584\/revisions"}],"predecessor-version":[{"id":3312,"href":"https:\/\/awakevoyages.com\/pt\/wp-json\/wp\/v2\/pages\/2584\/revisions\/3312"}],"wp:attachment":[{"href":"https:\/\/awakevoyages.com\/pt\/wp-json\/wp\/v2\/media?parent=2584"}],"curies":[{"name":"wp","href":"https:\/\/api.w.org\/{rel}","templated":true}]}}